{"id":9008,"date":"2024-11-29T12:43:01","date_gmt":"2024-11-29T10:43:02","guid":{"rendered":"https:\/\/www.virginiavildiridi.gr\/?post_type=product&#038;p=9008"},"modified":"2024-11-29T13:09:25","modified_gmt":"2024-11-29T11:09:25","slug":"montblanc-meisterstuck-the-origin-collection-doue-midsize-ballpoint-platinum-coated","status":"publish","type":"product","link":"https:\/\/www.virginiavildiridi.gr\/en\/product\/montblanc-meisterstuck-the-origin-collection-doue-midsize-ballpoint-platinum-coated\/","title":{"rendered":"MONTBLANC. Meisterst\u00fcck The Origin Collection Dou\u00e9 Midsize Ballpoint. Platinum-Coated."},"content":{"rendered":"<p><strong>MONTBLANC. Meisterst\u00fcck The Origin Collection Dou\u00e9 Midsize Ballpoint. Platinum-Coated.<\/strong><\/p>\n<p><strong>Blue Precious Resin with Platinum coated clip and rings.<\/strong><\/p>\n<p><strong>Dimensions: 14,10 \u03a7 141,30 mm.<\/strong><\/p>\n<p><strong>Since its launch in 1924, Montblanc&#8217;s Meisterst\u00fcck has been widely regarded as the quintessential fine writing instrument, symbolizing refined taste and a bold extension of oneself. Whether used to pen a love letter or sign a historical document, the Meisterst\u00fcck has left an indelible mark on the pages of history. To honor this milestone, Montblanc delved deep into its archives and created the Origin collection, paying homage to the brand&#8217;s rich history and heritage. The collection draws inspiration from early designs found in our archives, as well as design features featured on the earliest Meisterst\u00fcck editions, capturing the founding spirit and infusing it with a modern flair. The intricate pattern on the cap, coated with blue lacquer and platinum, harks back to an unreleased design that had been hidden away for decades, giving Montblanc the opportunity to finally introduce this long-forgotten design reminiscent of the Art D\u00e9co period. The clip is an homage to early clip shapes found in some of the first Meisterst\u00fcck writing instruments, evoking a sense of nostalgia. Upon closer inspection, one can discover the original Meisterst\u00fcck logo, which has adorned the cap as a symbol of high quality since its inception. This jubilee edition is decorated with a special cap ring showing the years 1924 and 2024 . Here&#8217;s to another 100 years of excellence with Meisterst\u00fcck!<\/strong><\/p>\n<p><span style=\"font-size: 14.4px;\">We pledge that all Mont Blanc products are genuine and are supplied by the official dealer of Greece. They are accompanied by the official papers from the official dealer. The products are shipped in the official packaging.<\/span><\/p>\n<p><strong><span class=\"key\">Emblem:\u00a0<\/span><\/strong>Emblems are manually centered, one by one, by our artisans. The emblem is centrally positioned, but the manual pressure operation with the machine may shift the emblem itself. This is a characteristic that does not compromise the aesthetic of the product and could not be accepted as complaint according to our policy.<\/p>\n","protected":false},"excerpt":{"rendered":"<p>MONTBLANC. Meisterst\u00fcck The Origin Collection Dou\u00e9 Midsize Ballpoint. Platinum-Coated. Blue Precious Resin with Platinum coated clip and rings. Dimensions: 14,10 \u03a7 141,30 mm. Since its launch in 1924, Montblanc&#8217;s Meisterst\u00fcck has been widely regarded as the quintessential fine writing instrument, symbolizing refined taste and a bold extension of oneself. Whether used to pen a love letter or sign a historical document, the Meisterst\u00fcck has left an indelible mark on the pages of history. To honor this milestone, Montblanc delved deep into its archives and created the Origin collection, paying homage to the brand&#8217;s rich history and heritage. The collection draws inspiration from early designs found in our archives, as well [&#8230;]\n","protected":false},"featured_media":9016,"template":"","meta":[],"product_cat":[733,739],"product_tag":[1308,1304,1289,1284],"composite_virtual":false,"composite_layout":"","composite_add_to_cart_form_location":"","composite_editable_in_cart":false,"composite_sold_individually_context":"","composite_shop_price_calc":"","composite_components":[],"composite_scenarios":[],"acf":[],"_links":{"self":[{"href":"https:\/\/www.virginiavildiridi.gr\/en\/wp-json\/wp\/v2\/product\/9008"}],"collection":[{"href":"https:\/\/www.virginiavildiridi.gr\/en\/wp-json\/wp\/v2\/product"}],"about":[{"href":"https:\/\/www.virginiavildiridi.gr\/en\/wp-json\/wp\/v2\/types\/product"}],"wp:featuredmedia":[{"embeddable":true,"href":"https:\/\/www.virginiavildiridi.gr\/en\/wp-json\/wp\/v2\/media\/9016"}],"wp:attachment":[{"href":"https:\/\/www.virginiavildiridi.gr\/en\/wp-json\/wp\/v2\/media?parent=9008"}],"wp:term":[{"taxonomy":"product_cat","embeddable":true,"href":"https:\/\/www.virginiavildiridi.gr\/en\/wp-json\/wp\/v2\/product_cat?post=9008"},{"taxonomy":"product_tag","embeddable":true,"href":"https:\/\/www.virginiavildiridi.gr\/en\/wp-json\/wp\/v2\/product_tag?post=9008"}],"curies":[{"name":"wp","href":"https:\/\/api.w.org\/{rel}","templated":true}]}}